{"id":563,"date":"2021-12-13T04:15:18","date_gmt":"2021-12-13T04:15:18","guid":{"rendered":"https:\/\/blockart-agency.sites.qsandbox.com\/?page_id=563"},"modified":"2023-06-13T15:14:23","modified_gmt":"2023-06-13T13:14:23","slug":"about","status":"publish","type":"page","link":"http:\/\/protocol.com.pl\/index.php\/about\/","title":{"rendered":"O nas"},"content":{"rendered":"<div class=\"blockart-section blockart-section-05875b6b\"><div class=\"blockart-container\"><div class=\"blockart-section-inner\"><div class=\"blockart-column blockart-column-6186bd46\"><div class=\"blockart-column-inner\"><div class=\"blockart-image blockart-image-06dcbea6\"><img loading=\"lazy\" decoding=\"async\" class=\"wp-image-1242\" src=\"http:\/\/protocol.com.pl\/wp-content\/uploads\/2023\/01\/download.jpeg\" alt=\"\" height=\"168\" width=\"300\"\/><\/div><\/div><\/div>\n\n<div class=\"blockart-column blockart-column-8dfdd3dd\"><div class=\"blockart-column-inner\"><h2 class=\"blockart-heading blockart-heading-248d44f0\">Nasza historia<\/h2>\n\n<p class=\"blockart-paragraph blockart-paragraph-dac452d1\">To by\u0142 rok 1998&#8230;na zmieniaj\u0105cym si\u0119 b\u0142yskawicznie rynku powstawa\u0142y nowe firmy szkoleniowe, ale tych kt\u00f3re uczy\u0142yby umiej\u0119tno\u015bci mi\u0119kkich praktycznie jeszcze nie by\u0142o. Liczy\u0142y si\u0119 tylko wyniki, a \u017ce okres prosperity wydawa\u0142 si\u0119 nie mie\u0107 ko\u0144ca, nikt nie zastanawia\u0142 si\u0119, co to jest etykieta biznesu, savoir-vivre towarzyski, a tym bardziej nie my\u015bla\u0142 o r\u00f3\u017cnicach kulturowych. Nasze kamienie milowe:<\/p><\/div><\/div><\/div><\/div><\/div><div class=\"blockart-section blockart-section-566c8f4b\"><div class=\"blockart-container\"><div class=\"blockart-section-inner\"><div class=\"blockart-column blockart-column-9ff6855a\"><div class=\"blockart-column-inner\"><p class=\"blockart-paragraph blockart-paragraph-de7dbfcd\">Rok 1998 &#8211; za\u0142o\u017cenie Akademii Montemarco i pierwsze otwarte szkolenie z savoir-vivre&#8217;u towarzyskiego  <\/p>\n\n<p class=\"blockart-paragraph blockart-paragraph-838c77cd\">Rok 1999 &#8211; pierwsze zewn\u0119trzne szkolenie z savoir-vivre mi\u0119dzykulturowego dla polskiej firmy, kt\u00f3ra nawi\u0105za\u0142a relacje biznesowe z partnerem korea\u0144skim   <\/p>\n\n<p class=\"blockart-paragraph blockart-paragraph-9668e965\">Rok 2000 &#8211; pierwsze szkolenie dla uczni\u00f3w zespo\u0142u szk\u00f3\u0142 Lauder-Morasha <\/p>\n\n<p class=\"blockart-paragraph blockart-paragraph-7430ee16\">Rok 2015 &#8211; Marzena Nowicka zostaje przyj\u0119ta w szereg cz\u0142onk\u00f3w the Royal Society of Arts z siedzib\u0105 w Londynie w uznaniu zas\u0142ug za zmiany dla spo\u0142ecze\u0144stwa (kompleksowy program szkole\u0144 z etykiety dla dzieci i m\u0142odzie\u017cy). Od tego czasu uzyskuje przywilej stosowania wyr\u00f3\u017cnika przy nazwisku FRSA (<em>Fellow of the Royal Society of Arts<\/em>). <\/p>\n\n<figure class=\"wp-block-image size-full\"><img loading=\"lazy\" decoding=\"async\" width=\"271\" height=\"186\" src=\"https:\/\/protocol.com.pl\/wp-content\/uploads\/2023\/01\/image-1.png\" alt=\"\" class=\"wp-image-1254\"\/><\/figure>\n\n<p class=\"blockart-paragraph blockart-paragraph-cd5c496f\">Rok 2016 &#8211; ustanowienie z inicjatywy Akademii Montemarco 3 czerwca Dniem Savoir-Vivre&#8217;u<\/p>\n\n<figure class=\"wp-block-image size-full\"><img loading=\"lazy\" decoding=\"async\" width=\"369\" height=\"136\" src=\"https:\/\/protocol.com.pl\/wp-content\/uploads\/2023\/01\/image-4.png\" alt=\"\" class=\"wp-image-1257\" srcset=\"http:\/\/protocol.com.pl\/wp-content\/uploads\/2023\/01\/image-4.png 369w, http:\/\/protocol.com.pl\/wp-content\/uploads\/2023\/01\/image-4-300x111.png 300w\" sizes=\"auto, (max-width: 369px) 100vw, 369px\" \/><\/figure>\n\n<p class=\"blockart-paragraph blockart-paragraph-410630f5\">Rok 2017 &#8211; do\u0142\u0105czenie Akademii do mi\u0119dzynarodowego stowarzyszenia <\/p>\n\n<figure class=\"wp-block-image size-full\"><img loading=\"lazy\" decoding=\"async\" width=\"750\" height=\"128\" src=\"https:\/\/protocol.com.pl\/wp-content\/uploads\/2023\/01\/image.png\" alt=\"\" class=\"wp-image-1251\" srcset=\"http:\/\/protocol.com.pl\/wp-content\/uploads\/2023\/01\/image.png 750w, http:\/\/protocol.com.pl\/wp-content\/uploads\/2023\/01\/image-300x51.png 300w, http:\/\/protocol.com.pl\/wp-content\/uploads\/2023\/01\/image-600x102.png 600w\" sizes=\"auto, (max-width: 750px) 100vw, 750px\" \/><\/figure>\n\n<p class=\"blockart-paragraph blockart-paragraph-7829d030\">Rok 2020 &#8211; zmiana nazwy na Akademia MONTEMARCO Protocol &amp; Etiquette<\/p>\n\n<p class=\"blockart-paragraph blockart-paragraph-41046765\">Rok 2023 &#8211; 25 rocznica powstania Akademii Montemarco P&amp;E<\/p><\/div><\/div><\/div><\/div><\/div><div class=\"blockart-section blockart-section-2e69ecbb\"><div class=\"blockart-container\"><div class=\"blockart-section-inner\"><div class=\"blockart-column blockart-column-013c9c67\"><div class=\"blockart-column-inner\"><\/div><\/div>\n\n<div class=\"blockart-column blockart-column-cf0de680\"><div class=\"blockart-column-inner\"><h2 class=\"blockart-heading blockart-heading-3b0ddb89\">Nasza misja<\/h2>\n\n<p class=\"blockart-paragraph blockart-paragraph-573d3261\">Nasz\u0105 misj\u0105 jest funkcjonowanie zgodnie z filozofi\u0105 \u017cycia s-v, szerzenie wiedzy o dobrych manierach i protokole, obalanie mit\u00f3w zwi\u0105zanych z b\u0142\u0119dnymi przekonaniami, u\u0142atwianie i uzdrawianie dzi\u0119ki stosowaniu zasad s-v.<\/p><\/div><\/div>\n\n<div class=\"blockart-column blockart-column-1d0cfb97\"><div class=\"blockart-column-inner\"><\/div><\/div><\/div><\/div><\/div><div class=\"blockart-section blockart-section-c6ea6a51\"><div class=\"blockart-container\"><div class=\"blockart-section-inner\"><div class=\"blockart-column blockart-column-d3e8fb46\"><div class=\"blockart-column-inner\"><h3 class=\"blockart-heading blockart-heading-aa9f2df7\">Profesjonalizm<\/h3>\n\n<p class=\"blockart-paragraph blockart-paragraph-4bbf359f\">Nasza firma ma d\u0142ugoletnie do\u015bwiadczenie w prowadzeniu szkole\u0144 z savoir-vivre&#8217;u. Nasi instruktorzy s\u0105 wysoko wykwalifikowani i posiadaj\u0105 bogat\u0105 wiedz\u0119 w zakresie zasad etykiety oraz dobrych manier. Dzi\u0119ki temu mo\u017cemy zapewni\u0107 naszym klientom wysoki poziom profesjonalizmu i jako\u015bci szkole\u0144. \u200b<\/p><\/div><\/div>\n\n<div class=\"blockart-column blockart-column-7251f4d6\"><div class=\"blockart-column-inner\"><h3 class=\"blockart-heading blockart-heading-b3380f3a\">Indywidualne podej\u015bcie<\/h3>\n\n<p class=\"blockart-paragraph blockart-paragraph-bdb7bf36\">Rozumiemy, \u017ce ka\u017cdy klient ma inne potrzeby i oczekiwania. Dlatego dostosowujemy nasze szkolenia do konkretnych wymaga\u0144 i bran\u017cy, w kt\u00f3rej dzia\u0142aj\u0105 nasi klienci. Oferujemy zar\u00f3wno szkolenia otwarte, jak i dedykowane dla firm, dostosowane do konkretnych potrzeb i profilu uczestnik\u00f3w.<\/p><\/div><\/div><\/div><\/div><\/div><div class=\"blockart-section blockart-section-9ade65a0\"><div class=\"blockart-container\"><div class=\"blockart-section-inner\"><div class=\"blockart-column blockart-column-9cd1395d\"><div class=\"blockart-column-inner\"><h3 class=\"blockart-heading blockart-heading-3c58fe65\">Bogata oferta szkole\u0144<\/h3>\n\n<p class=\"blockart-paragraph blockart-paragraph-a29c7121\">Nasza firma oferuje szeroki zakres szkole\u0144 zwi\u0105zanych z savoir-vivre&#8217;em. Tematyka obejmuje m.in. savoir-vivre biznesowy, savoir-vivre w relacjach mi\u0119dzyludzkich, etykiet\u0119 w miejscu pracy, sztuk\u0119 rozmowy i prezentacji, dress code, savoir-vivre online i wiele innych. Bez wzgl\u0119du na to, czy potrzebujesz wsparcia w budowaniu profesjonalnego wizerunku, czy chcesz pozna\u0107 zasady kulturalnego zachowania w r\u00f3\u017cnych sytuacjach, u nas znajdziesz odpowiednie szkolenie.<\/p><\/div><\/div>\n\n<div class=\"blockart-column blockart-column-c0e0831e\"><div class=\"blockart-column-inner\"><h3 class=\"blockart-heading blockart-heading-bf956345\">Interaktywne zaj\u0119cia<\/h3>\n\n<p class=\"blockart-paragraph blockart-paragraph-8ce2a8e3\">Nasze szkolenia s\u0105 prowadzone w formie interaktywnych zaj\u0119\u0107, kt\u00f3re anga\u017cuj\u0105 uczestnik\u00f3w i umo\u017cliwiaj\u0105 im praktyczne \u0107wiczenie zdobywanej wiedzy. Dzi\u0119ki temu nasi uczestnicy mog\u0105 szybko i skutecznie przyswoi\u0107 umiej\u0119tno\u015bci savoir-vivre&#8217;u i od razu zastosowa\u0107 je w praktyce.<\/p><\/div><\/div><\/div><\/div><\/div><div class=\"blockart-section blockart-section-a8c7c151\"><div class=\"blockart-container\"><div class=\"blockart-section-inner\"><div class=\"blockart-column blockart-column-4d4d4da2\"><div class=\"blockart-column-inner\"><h2 class=\"blockart-heading blockart-heading-4d52da07\">Poznaj nas!<\/h2>\n\n<p class=\"blockart-paragraph blockart-paragraph-3b27db7b\">Jeste\u015bmy zespo\u0142em do\u015bwiadczonych specjalist\u00f3w, kt\u00f3rych pasj\u0105 i misj\u0105 jest nauczanie zasad savoir-vivre&#8217;u oraz protoko\u0142u. Nasze szkolenia s\u0105 skierowane do firm, organizacji i os\u00f3b prywatnych, czyli do wszystkich, kt\u00f3rzy pragn\u0105 zdoby\u0107 umiej\u0119tno\u015bci i wiedz\u0119 w zakresie dobrych manier, savoir-vivre&#8217;u biznesowego oraz etykiety towarzyskiej.<\/p><\/div><\/div><\/div><\/div><\/div><div class=\"blockart-section blockart-section-93b237fb\"><div class=\"blockart-container\"><div class=\"blockart-section-inner\"><div class=\"blockart-column blockart-column-9a68ba53\"><div class=\"blockart-column-inner\"><div class=\"blockart-image blockart-image-fea78d82\"><img loading=\"lazy\" decoding=\"async\" class=\"wp-image-1186\" src=\"http:\/\/protocol.com.pl\/wp-content\/uploads\/2022\/11\/1619511875606.jpeg\" alt=\"\" height=\"287\" width=\"287\" srcset=\"http:\/\/protocol.com.pl\/wp-content\/uploads\/2022\/11\/1619511875606.jpeg 287w, http:\/\/protocol.com.pl\/wp-content\/uploads\/2022\/11\/1619511875606-150x150.jpeg 150w, http:\/\/protocol.com.pl\/wp-content\/uploads\/2022\/11\/1619511875606-100x100.jpeg 100w\" sizes=\"auto, (max-width: 287px) 100vw, 287px\" \/><\/div>\n\n<h3 class=\"blockart-heading blockart-heading-677a3ece\">Marzena Nowicka <\/h3>\n\n<p class=\"blockart-paragraph blockart-paragraph-c43ec13c\">Fundator i ekspert<\/p><\/div><\/div>\n\n<div class=\"blockart-column blockart-column-4d96f178\"><div class=\"blockart-column-inner\"><div class=\"blockart-image blockart-image-0737a8cb\"><img loading=\"lazy\" decoding=\"async\" class=\"wp-image-1332\" src=\"http:\/\/protocol.com.pl\/wp-content\/uploads\/2023\/06\/93531242_3184774391567367_6801537848060149760_n.jpg\" alt=\"\" height=\"202\" width=\"185\"\/><\/div>\n\n<h3 class=\"blockart-heading blockart-heading-396d4571\">Adam Dedek<\/h3>\n\n<p class=\"blockart-paragraph blockart-paragraph-36c6f521\">Trener HoReCa<\/p><\/div><\/div>\n\n<div class=\"blockart-column blockart-column-3e0a0e8c\"><div class=\"blockart-column-inner\"><div class=\"blockart-image blockart-image-ed4ecf40\"><img loading=\"lazy\" decoding=\"async\" class=\"wp-image-1181\" src=\"http:\/\/protocol.com.pl\/wp-content\/uploads\/2022\/11\/RaGdMpaYP3-3z-E2XiNb5JbCnjGSLVZ.jpeg\" alt=\"\" height=\"500\" width=\"500\" srcset=\"http:\/\/protocol.com.pl\/wp-content\/uploads\/2022\/11\/RaGdMpaYP3-3z-E2XiNb5JbCnjGSLVZ.jpeg 500w, http:\/\/protocol.com.pl\/wp-content\/uploads\/2022\/11\/RaGdMpaYP3-3z-E2XiNb5JbCnjGSLVZ-300x300.jpeg 300w, http:\/\/protocol.com.pl\/wp-content\/uploads\/2022\/11\/RaGdMpaYP3-3z-E2XiNb5JbCnjGSLVZ-150x150.jpeg 150w, http:\/\/protocol.com.pl\/wp-content\/uploads\/2022\/11\/RaGdMpaYP3-3z-E2XiNb5JbCnjGSLVZ-100x100.jpeg 100w\" sizes=\"auto, (max-width: 500px) 100vw, 500px\" \/><\/div>\n\n<h3 class=\"blockart-heading blockart-heading-f698fd58\">Barbara Gali\u0144ska<\/h3>\n\n<p class=\"blockart-paragraph blockart-paragraph-600c7a77\">Artysta Kaligraf<\/p><\/div><\/div>\n\n<div class=\"blockart-column blockart-column-4f7575e0\"><div class=\"blockart-column-inner\"><div class=\"blockart-image blockart-image-1af5d084\"><img loading=\"lazy\" decoding=\"async\" class=\"wp-image-1333\" src=\"http:\/\/protocol.com.pl\/wp-content\/uploads\/2023\/06\/347414263_210336895268058_3566544142364352875_n.jpg\" alt=\"\" height=\"514\" width=\"419\" srcset=\"http:\/\/protocol.com.pl\/wp-content\/uploads\/2023\/06\/347414263_210336895268058_3566544142364352875_n.jpg 419w, http:\/\/protocol.com.pl\/wp-content\/uploads\/2023\/06\/347414263_210336895268058_3566544142364352875_n-245x300.jpg 245w\" sizes=\"auto, (max-width: 419px) 100vw, 419px\" \/><\/div>\n\n<h3 class=\"blockart-heading blockart-heading-67710e37\">Jolanta Drozd<\/h3>\n\n<p class=\"blockart-paragraph blockart-paragraph-96defc93\">Artysta Kaligraf<\/p><\/div><\/div><\/div><\/div><\/div><div class=\"blockart-section blockart-section-d8a31c46\"><div class=\"blockart-container\"><div class=\"blockart-section-inner\"><div class=\"blockart-column blockart-column-997321c6\"><div class=\"blockart-column-inner\"><h2 class=\"blockart-heading blockart-heading-2627c2f8\">Czy masz pytanie?<\/h2>\n\n<p class=\"blockart-paragraph blockart-paragraph-56ab1d8a\">Zapraszamy do zapoznania si\u0119 z nasz\u0105 pe\u0142n\u0105 ofert\u0105 szkole\u0144 oraz do kontaktu. Je\u015bli masz jakiekolwiek pytania lub potrzebujesz dodatkowych informacji, nasz zesp\u00f3\u0142 ch\u0119tnie Ci pomo\u017ce. Naucz si\u0119 sztuki savoir-vivre&#8217;u z najlepszymi specjalistami!<\/p><\/div><\/div>\n\n<div class=\"blockart-column blockart-column-470f65cb\"><div class=\"blockart-column-inner\"><div class=\"blockart-buttons blockart-buttons-d687d38a is-justification-right is-horizontal is-wrap\"><div class=\"blockart-button blockart-button-8586a099 \"><a class=\"blockart-button-link is-custom is-style-filled\" href=\"https:\/\/zakrademos.com\/agency-03\/contact\/\">Skontaktuj si\u0119&#8230;<\/a><\/div><\/div><\/div><\/div><\/div><\/div><\/div><div class=\"blockart-section blockart-section-f453ba62\"><div class=\"blockart-container-fluid\"><div class=\"blockart-section-inner\"><div class=\"blockart-column blockart-column-5dabd232\"><div class=\"blockart-column-inner\"><div class=\"blockart-image blockart-image-d94df48e\"><img loading=\"lazy\" decoding=\"async\" class=\"wp-image-1205\" src=\"http:\/\/protocol.com.pl\/wp-content\/uploads\/2022\/11\/download-1.png\" alt=\"\" height=\"225\" width=\"225\" srcset=\"http:\/\/protocol.com.pl\/wp-content\/uploads\/2022\/11\/download-1.png 225w, http:\/\/protocol.com.pl\/wp-content\/uploads\/2022\/11\/download-1-150x150.png 150w, http:\/\/protocol.com.pl\/wp-content\/uploads\/2022\/11\/download-1-100x100.png 100w\" sizes=\"auto, (max-width: 225px) 100vw, 225px\" \/><\/div><\/div><\/div>\n\n<div class=\"blockart-column blockart-column-ad6cd62a\"><div class=\"blockart-column-inner\"><div class=\"blockart-image blockart-image-3393d5de\"><img loading=\"lazy\" decoding=\"async\" class=\"wp-image-1208\" src=\"http:\/\/protocol.com.pl\/wp-content\/uploads\/2022\/11\/download-1-1.png\" alt=\"\" height=\"225\" width=\"225\" srcset=\"http:\/\/protocol.com.pl\/wp-content\/uploads\/2022\/11\/download-1-1.png 225w, http:\/\/protocol.com.pl\/wp-content\/uploads\/2022\/11\/download-1-1-150x150.png 150w, http:\/\/protocol.com.pl\/wp-content\/uploads\/2022\/11\/download-1-1-100x100.png 100w\" sizes=\"auto, (max-width: 225px) 100vw, 225px\" \/><\/div><\/div><\/div>\n\n<div class=\"blockart-column blockart-column-84acbf7d\"><div class=\"blockart-column-inner\"><div class=\"blockart-image blockart-image-f1202d10\"><img loading=\"lazy\" decoding=\"async\" class=\"wp-image-1206\" src=\"http:\/\/protocol.com.pl\/wp-content\/uploads\/2022\/11\/download.jpeg\" alt=\"\" height=\"216\" width=\"234\"\/><\/div><\/div><\/div>\n\n<div class=\"blockart-column blockart-column-094ab86c\"><div class=\"blockart-column-inner\"><div class=\"blockart-image blockart-image-468b23e6\"><img loading=\"lazy\" decoding=\"async\" class=\"wp-image-1346\" src=\"http:\/\/protocol.com.pl\/wp-content\/uploads\/2023\/06\/pobrane.png\" alt=\"\" height=\"225\" width=\"225\" srcset=\"http:\/\/protocol.com.pl\/wp-content\/uploads\/2023\/06\/pobrane.png 225w, http:\/\/protocol.com.pl\/wp-content\/uploads\/2023\/06\/pobrane-150x150.png 150w, http:\/\/protocol.com.pl\/wp-content\/uploads\/2023\/06\/pobrane-100x100.png 100w\" sizes=\"auto, (max-width: 225px) 100vw, 225px\" \/><\/div><\/div><\/div>\n\n<div class=\"blockart-column blockart-column-72d2cf20\"><div class=\"blockart-column-inner\"><div class=\"blockart-image blockart-image-2df15e3d\"><img loading=\"lazy\" decoding=\"async\" class=\"wp-image-1348\" src=\"http:\/\/protocol.com.pl\/wp-content\/uploads\/2023\/06\/pobrane-1.png\" alt=\"\" height=\"234\" width=\"215\"\/><\/div><\/div><\/div><\/div><\/div><\/div><div class=\"blockart-section blockart-section-d8bb7b25\"><div class=\"blockart-container\"><div class=\"blockart-section-inner\"><div class=\"blockart-column blockart-column-e70448c7\"><div class=\"blockart-column-inner\"><\/div><\/div>\n\n<div class=\"blockart-column blockart-column-716dcbed\"><div class=\"blockart-column-inner\"><div class=\"blockart-image blockart-image-41c122c1\"><a href=\"https:\/\/www.facebook.com\/AkademiaMontemarco\/\"><img loading=\"lazy\" decoding=\"async\" class=\"wp-image-516\" src=\"http:\/\/protocol.com.pl\/wp-content\/uploads\/2021\/12\/fav_icon1.png\" alt=\"\" height=\"40\" width=\"33\"\/><\/a><\/div><\/div><\/div>\n\n<div class=\"blockart-column blockart-column-b0322e25\"><div class=\"blockart-column-inner\"><div class=\"blockart-image blockart-image-9ad0c8b0\"><a href=\"https:\/\/twitter.com\/MontemarcoPL\"><img loading=\"lazy\" decoding=\"async\" class=\"wp-image-525\" src=\"http:\/\/protocol.com.pl\/wp-content\/uploads\/2021\/12\/icon2.png\" alt=\"\" height=\"34\" width=\"33\"\/><\/a><\/div><\/div><\/div>\n\n<div class=\"blockart-column blockart-column-7fe6faa4\"><div class=\"blockart-column-inner\"><div class=\"blockart-image blockart-image-e8b7db51\"><a href=\"https:\/\/pl.pinterest.com\/montemarcolifes\/akademia-montemarco-savoir-vivre-protocol\/\"><img loading=\"lazy\" decoding=\"async\" class=\"wp-image-556\" src=\"http:\/\/protocol.com.pl\/wp-content\/uploads\/2021\/12\/fav_icon5.png\" alt=\"\" height=\"33\" width=\"33\"\/><\/a><\/div><\/div><\/div>\n\n<div class=\"blockart-column blockart-column-3ce79db4\"><div class=\"blockart-column-inner\"><div class=\"blockart-image blockart-image-8b2e1c55\"><a href=\"https:\/\/www.youtube.com\/channel\/UCbjch99uALv2_kSPJd48FVg\"><img loading=\"lazy\" decoding=\"async\" class=\"wp-image-558\" src=\"http:\/\/protocol.com.pl\/wp-content\/uploads\/2021\/12\/icon4.png\" alt=\"\" height=\"33\" width=\"36\"\/><\/a><\/div><\/div><\/div>\n\n<div class=\"blockart-column blockart-column-b947f356\"><div class=\"blockart-column-inner\"><div class=\"blockart-image blockart-image-ef4893ac\"><a href=\"https:\/\/www.linkedin.com\/company\/akademia-montemarco?originalSubdomain=pl\"><img loading=\"lazy\" decoding=\"async\" class=\"wp-image-559\" src=\"http:\/\/protocol.com.pl\/wp-content\/uploads\/2021\/12\/icon5.png\" alt=\"\" height=\"36\" width=\"35\"\/><\/a><\/div><\/div><\/div>\n\n<div class=\"blockart-column blockart-column-ce805f44\"><div class=\"blockart-column-inner\"><\/div><\/div><\/div><\/div><\/div>","protected":false},"excerpt":{"rendered":"","protected":false},"author":1,"featured_media":0,"parent":0,"menu_order":0,"comment_status":"closed","ping_status":"closed","template":"page-templates\/pagebuilder.php","meta":{"zakra_sidebar_layout":"stretched","zakra_remove_content_margin":true,"zakra_sidebar":"customizer","zakra_transparent_header":"customizer","zakra_logo":0,"zakra_main_header_style":"default","zakra_menu_item_color":"","zakra_menu_item_hover_color":"#000000","zakra_menu_item_active_color":"#23ab70","zakra_menu_active_style":"","zakra_page_header":true,"footnotes":""},"class_list":["post-563","page","type-page","status-publish","hentry"],"_links":{"self":[{"href":"http:\/\/protocol.com.pl\/index.php\/wp-json\/wp\/v2\/pages\/563","targetHints":{"allow":["GET"]}}],"collection":[{"href":"http:\/\/protocol.com.pl\/index.php\/wp-json\/wp\/v2\/pages"}],"about":[{"href":"http:\/\/protocol.com.pl\/index.php\/wp-json\/wp\/v2\/types\/page"}],"author":[{"embeddable":true,"href":"http:\/\/protocol.com.pl\/index.php\/wp-json\/wp\/v2\/users\/1"}],"replies":[{"embeddable":true,"href":"http:\/\/protocol.com.pl\/index.php\/wp-json\/wp\/v2\/comments?post=563"}],"version-history":[{"count":24,"href":"http:\/\/protocol.com.pl\/index.php\/wp-json\/wp\/v2\/pages\/563\/revisions"}],"predecessor-version":[{"id":1359,"href":"http:\/\/protocol.com.pl\/index.php\/wp-json\/wp\/v2\/pages\/563\/revisions\/1359"}],"wp:attachment":[{"href":"http:\/\/protocol.com.pl\/index.php\/wp-json\/wp\/v2\/media?parent=563"}],"curies":[{"name":"wp","href":"https:\/\/api.w.org\/{rel}","templated":true}]}}